{"id":258,"date":"2023-08-30T13:46:27","date_gmt":"2023-08-30T13:46:27","guid":{"rendered":"https:\/\/iquantumclinic.es\/ofertas\/?page_id=258"},"modified":"2023-08-30T13:48:42","modified_gmt":"2023-08-30T13:48:42","slug":"aviso-legal","status":"publish","type":"page","link":"https:\/\/iquantumclinic.es\/ofertas\/?page_id=258","title":{"rendered":"Aviso legal"},"content":{"rendered":"\n<h4 class=\"wp-block-heading\">DATOS DEL RESPONSABLE<\/h4>\n\n\n\n<ul class=\"wp-block-list\">\n<li><strong>dentidad del responsable:<\/strong>&nbsp;eQuantum &amp; SML Laser, S.L.<\/li>\n\n\n\n<li><strong> CIF:<\/strong>&nbsp;ES B98432040<\/li>\n\n\n\n<li><strong>Domicilio social:<\/strong>&nbsp;Anastasio Mateo, 10 local<\/li>\n\n\n\n<li><strong> Correo electr\u00f3nico:<\/strong>&nbsp;info@iquantum.es<\/li>\n\n\n\n<li><strong> N\u00ba RII- RAEE:&nbsp;<\/strong><\/li>\n<\/ul>\n\n\n\n<p>En este espacio, el usuario, podr\u00e1 encontrar toda la informaci\u00f3n relativa a los t\u00e9rminos y condiciones legales que definen las relaciones entre los usuarios y nosotros como responsables de esta web. Como usuario, es importante que conozcas estos t\u00e9rminos antes de continuar tu navegaci\u00f3n.<\/p>\n\n\n\n<p>eQuantum &amp; SML Laser, S.L., como responsable de esta web, asume el compromiso de procesar la informaci\u00f3n de nuestros usuarios y clientes con plenas garant\u00edas y cumplir con los requisitos nacionales y europeos que regulan la recopilaci\u00f3n y uso de los datos personales de nuestros usuarios.<\/p>\n\n\n\n<p>Esta web, por tanto, cumple rigurosamente con el Reglamento General de Protecci\u00f3n de Datos (UE) 2016\/679 de protecci\u00f3n de datos (RGPD) y la Ley 34\/2002, de 11 de julio, de servicios de la sociedad de la informaci\u00f3n y de comercio electr\u00f3nico (LSSI-CE).<\/p>\n\n\n\n<h4 class=\"wp-block-heading\">CONDICIONES GENERALES DE USO<\/h4>\n\n\n\n<p>Las presentes Condiciones Generales regulan el uso (incluyendo el mero acceso) de la p\u00e1gina web&nbsp;<a href=\"http:\/\/www.iquantum.es\/\">www.iquantum.es<\/a>&nbsp;incluidos los contenidos y servicios puestos a disposici\u00f3n en ella. Toda persona que acceda a la web acepta someterse a las Condiciones Generales vigentes en cada momento del sitio web.<\/p>\n\n\n\n<h4 class=\"wp-block-heading\">DATOS PERSONALES QUE RECABAMOS Y C\u00d3MO LO HACEMOS<\/h4>\n\n\n\n<p>Si quieres conocer nuestra POL\u00cdTICA DE PROTECCI\u00d3N DE DATOS,&nbsp;pincha aqu\u00ed.<\/p>\n\n\n\n<h4 class=\"wp-block-heading\">POL\u00cdTICA DE COOKIES<\/h4>\n\n\n\n<p>Si quieres conocer nuestra pol\u00edtica de cookies,&nbsp;pincha aqu\u00ed.<\/p>\n\n\n\n<h4 class=\"wp-block-heading\">COMPROMISOS Y OBLIGACIONES DE LOS USUARIOS<\/h4>\n\n\n\n<p>El usuario queda informado, y acepta, que el acceso a la presente web no supone, en modo alguno, el inicio de una relaci\u00f3n comercial con eQuantum &amp; SML Laser, S.L. De esta forma, el usuario se compromete a utilizar el sitio Web, sus servicios y contenidos sin contravenir la legislaci\u00f3n vigente, la buena fe y el orden p\u00fablico.<\/p>\n\n\n\n<p>Queda prohibido el uso de la web, con fines il\u00edcitos o lesivos, o que, de cualquier forma, puedan causar perjuicio o impedir el normal funcionamiento del sitio web. Respecto de los contenidos de esta web, se proh\u00edbe:<\/p>\n\n\n\n<ul class=\"wp-block-list\">\n<li>Su reproducci\u00f3n, distribuci\u00f3n o modificaci\u00f3n, total o parcial, a menos que se cuente con la autorizaci\u00f3n de sus leg\u00edtimos titulares<\/li>\n\n\n\n<li>Cualquier vulneraci\u00f3n de los derechos del prestador o de los leg\u00edtimos titulares;<\/li>\n\n\n\n<li>Su utilizaci\u00f3n para fines comerciales o publicitarios.<\/li>\n<\/ul>\n\n\n\n<p>En la utilizaci\u00f3n de la web www.iquantum.es el usuario se compromete a no llevar a cabo ninguna conducta que pudiera da\u00f1ar la imagen, los intereses y los derechos de eQuantum &amp; SML Laser, S.L. o de terceros o que pudiera da\u00f1ar, inutilizar o sobrecargar el portal o que impidiera, de cualquier forma, la normal utilizaci\u00f3n de la web.<\/p>\n\n\n\n<p>No obstante, el usuario debe ser consciente de que las medidas de seguridad de los sistemas inform\u00e1ticos en Internet no son enteramente fiables y que, por tanto, eQuantum &amp; SML Laser, S.L no puede garantizar la inexistencia de virus u otros elementos que puedan producir alteraciones en los sistemas inform\u00e1ticos (software y hardware) del Usuario o en sus documentos electr\u00f3nicos y ficheros contenidos en los mismos.<\/p>\n\n\n\n<h4 class=\"wp-block-heading\">MEDIDAS DE SEGURIDAD<\/h4>\n\n\n\n<p>Los datos personales comunicados por el usuario a eQuantum &amp; SML Laser, S.L. pueden ser almacenados en bases de datos automatizadas o no, cuya titularidad corresponde en exclusiva a eQuantum &amp; SML Laser, S.L., asumiendo \u00e9sta todas las medidas de \u00edndole t\u00e9cnica, organizativa y de seguridad que garantizan la confidencialidad, integridad y calidad de la informaci\u00f3n contenida en las mismas de acuerdo con lo establecido en la normativa vigente en protecci\u00f3n de datos.<\/p>\n\n\n\n<p>La comunicaci\u00f3n entre los usuarios y eQuantum &amp; SML Laser, S.L utiliza un canal seguro, y los datos transmitidos son cifrados gracias a protocolos a https, por tanto, garantizamos las mejores condiciones de seguridad para que la confidencialidad de los usuarios est\u00e9 garantizada.<\/p>\n\n\n\n<h4 class=\"wp-block-heading\">DERECHOS DE PROPIEDAD INTELECTUAL E INDUSTRIAL<\/h4>\n\n\n\n<p>En virtud de lo dispuesto en los art\u00edculos 8 y 32.1, p\u00e1rrafo segundo, de la Ley de Propiedad Intelectual, quedan expresamente prohibidas la reproducci\u00f3n, la distribuci\u00f3n y la comunicaci\u00f3n p\u00fablica, incluida su modalidad de puesta a disposici\u00f3n, de la totalidad o parte de los contenidos de esta p\u00e1gina web, con fines comerciales, en cualquier soporte y por cualquier medio t\u00e9cnico, sin la autorizaci\u00f3n de eQuantum &amp; SML Laser, S.L. El usuario se compromete a respetar los derechos de Propiedad Intelectual e Industrial titularidad de eQuantum &amp; SML Laser, S.L.<\/p>\n\n\n\n<p>El usuario conoce y acepta que la totalidad del sitio web, conteniendo sin car\u00e1cter exhaustivo el texto, software, contenidos (incluyendo estructura, selecci\u00f3n, ordenaci\u00f3n y presentaci\u00f3n de estos) fotograf\u00edas, material audiovisual y gr\u00e1ficos, est\u00e1 protegida por marcas, derechos de autor y otros derechos leg\u00edtimos, de acuerdo con los tratados internacionales en los que Espa\u00f1a es parte y otros derechos de propiedad y leyes de Espa\u00f1a.<\/p>\n\n\n\n<p>En el caso de que un usuario o un tercero consideren que se ha producido una violaci\u00f3n de sus leg\u00edtimos derechos de propiedad intelectual por la introducci\u00f3n de un determinado contenido en la web, deber\u00e1 notificar dicha circunstancia a eQuantum &amp; SML Laser, S.L indicando:<\/p>\n\n\n\n<ul class=\"wp-block-list\">\n<li>Datos personales del interesado titular de los derechos presuntamente infringidos, o indicar la representaci\u00f3n con la que act\u00faa en caso de que la reclamaci\u00f3n la presente un tercero distinto del interesado.<\/li>\n\n\n\n<li>Se\u00f1alar los contenidos protegidos por los derechos de propiedad intelectual y su ubicaci\u00f3n en la web, la acreditaci\u00f3n de los derechos de propiedad intelectual se\u00f1alados y declaraci\u00f3n expresa en la que el interesado se responsabiliza de la veracidad de las informaciones facilitadas en la notificaci\u00f3n.<\/li>\n<\/ul>\n\n\n\n<h4 class=\"wp-block-heading\">EXCLUSI\u00d3N DE GARANT\u00cdAS Y RESPONSABILIDADES<\/h4>\n\n\n\n<p>eQuantum &amp; SML Laser, S.L. no otorga ninguna garant\u00eda ni se hace responsable, en ning\u00fan caso, de los da\u00f1os y perjuicios de cualquier naturaleza que pudieran traer causa de:<\/p>\n\n\n\n<ul class=\"wp-block-list\">\n<li> La falta de disponibilidad, mantenimiento y efectivo funcionamiento de la web, o de sus servicios y contenidos.<\/li>\n\n\n\n<li>La existencia de virus, programas maliciosos o lesivos en los contenidos.<\/li>\n\n\n\n<li>El uso il\u00edcito, negligente, fraudulento o contrario a este Aviso Legal.<\/li>\n\n\n\n<li>La falta de licitud, calidad, fiabilidad, utilidad y disponibilidad de los servicios prestados por terceros y puestos a disposici\u00f3n de los usuarios en el sitio web.<\/li>\n\n\n\n<li> El prestador no se hace responsable bajo ning\u00fan concepto de los da\u00f1os que pudieran dimanar del uso ilegal o indebido de la presente p\u00e1gina web.<\/li>\n<\/ul>\n\n\n\n<h4 class=\"wp-block-heading\">LEY APLICABLE Y JURISDICCI\u00d3N<\/h4>\n\n\n\n<p>Con car\u00e1cter general las relaciones entre eQuantum &amp; SML Laser, S.L con los Usuarios de sus servicios telem\u00e1ticos, presentes en esta web se encuentran sometidas a la legislaci\u00f3n y jurisdicci\u00f3n espa\u00f1olas y a los tribunales del domicilio del usuario.<\/p>\n\n\n\n<h4 class=\"wp-block-heading\">CONTACTO<\/h4>\n\n\n\n<ul class=\"wp-block-list\">\n<li>En caso de que cualquier usuario tuviese alguna duda acerca de estas Condiciones Legales o cualquier comentario sobre el sitio web www.iquantum.es por favor dir\u00edgete a info@iquantum.es<\/li>\n<\/ul>\n","protected":false},"excerpt":{"rendered":"<p>DATOS DEL RESPONSABLE En este espacio, el usuario, podr\u00e1 encontrar toda la informaci\u00f3n relativa a los t\u00e9rminos y condiciones legales que definen las relaciones entre los usuarios y nosotros como responsables de esta web. Como usuario, es importante que conozcas estos t\u00e9rminos antes de continuar tu navegaci\u00f3n. eQuantum &amp; SML Laser, S.L., como responsable de [&hellip;]<\/p>\n","protected":false},"author":2,"featured_media":0,"parent":0,"menu_order":0,"comment_status":"closed","ping_status":"closed","template":"","meta":{"site-sidebar-layout":"default","site-content-layout":"","ast-site-content-layout":"","site-content-style":"default","site-sidebar-style":"default","ast-global-header-display":"","ast-banner-title-visibility":"","ast-main-header-display":"","ast-hfb-above-header-display":"","ast-hfb-below-header-display":"","ast-hfb-mobile-header-display":"","site-post-title":"","ast-breadcrumbs-content":"","ast-featured-img":"","footer-sml-layout":"","theme-transparent-header-meta":"","adv-header-id-meta":"","stick-header-meta":"","header-above-stick-meta":"","header-main-stick-meta":"","header-below-stick-meta":"","astra-migrate-meta-layouts":"default","ast-page-background-enabled":"default","ast-page-background-meta":{"desktop":{"background-color":"var(--ast-global-color-4)","background-image":"","background-repeat":"repeat","background-position":"center center","background-size":"auto","background-attachment":"scroll","background-type":"","background-media":"","overlay-type":"","overlay-color":"","overlay-opacity":"","overlay-gradient":""},"tablet":{"background-color":"","background-image":"","background-repeat":"repeat","background-position":"center center","background-size":"auto","background-attachment":"scroll","background-type":"","background-media":"","overlay-type":"","overlay-color":"","overlay-opacity":"","overlay-gradient":""},"mobile":{"background-color":"","background-image":"","background-repeat":"repeat","background-position":"center center","background-size":"auto","background-attachment":"scroll","background-type":"","background-media":"","overlay-type":"","overlay-color":"","overlay-opacity":"","overlay-gradient":""}},"ast-content-background-meta":{"desktop":{"background-color":"var(--ast-global-color-5)","background-image":"","background-repeat":"repeat","background-position":"center center","background-size":"auto","background-attachment":"scroll","background-type":"","background-media":"","overlay-type":"","overlay-color":"","overlay-opacity":"","overlay-gradient":""},"tablet":{"background-color":"var(--ast-global-color-5)","background-image":"","background-repeat":"repeat","background-position":"center center","background-size":"auto","background-attachment":"scroll","background-type":"","background-media":"","overlay-type":"","overlay-color":"","overlay-opacity":"","overlay-gradient":""},"mobile":{"background-color":"var(--ast-global-color-5)","background-image":"","background-repeat":"repeat","background-position":"center center","background-size":"auto","background-attachment":"scroll","background-type":"","background-media":"","overlay-type":"","overlay-color":"","overlay-opacity":"","overlay-gradient":""}},"footnotes":""},"class_list":["post-258","page","type-page","status-publish","hentry"],"_links":{"self":[{"href":"https:\/\/iquantumclinic.es\/ofertas\/index.php?rest_route=\/wp\/v2\/pages\/258","targetHints":{"allow":["GET"]}}],"collection":[{"href":"https:\/\/iquantumclinic.es\/ofertas\/index.php?rest_route=\/wp\/v2\/pages"}],"about":[{"href":"https:\/\/iquantumclinic.es\/ofertas\/index.php?rest_route=\/wp\/v2\/types\/page"}],"author":[{"embeddable":true,"href":"https:\/\/iquantumclinic.es\/ofertas\/index.php?rest_route=\/wp\/v2\/users\/2"}],"replies":[{"embeddable":true,"href":"https:\/\/iquantumclinic.es\/ofertas\/index.php?rest_route=%2Fwp%2Fv2%2Fcomments&post=258"}],"version-history":[{"count":2,"href":"https:\/\/iquantumclinic.es\/ofertas\/index.php?rest_route=\/wp\/v2\/pages\/258\/revisions"}],"predecessor-version":[{"id":260,"href":"https:\/\/iquantumclinic.es\/ofertas\/index.php?rest_route=\/wp\/v2\/pages\/258\/revisions\/260"}],"wp:attachment":[{"href":"https:\/\/iquantumclinic.es\/ofertas\/index.php?rest_route=%2Fwp%2Fv2%2Fmedia&parent=258"}],"curies":[{"name":"wp","href":"https:\/\/api.w.org\/{rel}","templated":true}]}}