{"id":3,"date":"2023-08-29T09:35:25","date_gmt":"2023-08-29T09:35:25","guid":{"rendered":"https:\/\/iquantumclinic.es\/ofertas\/?page_id=3"},"modified":"2023-08-30T13:52:03","modified_gmt":"2023-08-30T13:52:03","slug":"privacy-policy","status":"publish","type":"page","link":"https:\/\/iquantumclinic.es\/ofertas\/?page_id=3","title":{"rendered":"Pol\u00edtica de privacidad"},"content":{"rendered":"\n<h4 class=\"wp-block-heading\"><strong>Responsable del Tratamiento<\/strong><\/h4>\n\n\n\n<p>La empresa responsable del tratamiento de sus datos en virtud de esta Pol\u00edtica de privacidad es:<\/p>\n\n\n\n<p>eQuantum SML Laser, S.L \u2013 C.I.F.&nbsp;B98432040<\/p>\n\n\n\n<p>Registro Mercantil de La Rioja, Tomo 803, Folio 123, Hoja LO-16816, Inscripci\u00f3n 2\u00aa<\/p>\n\n\n\n<p>Calle Anastasio Mateo, 10 local, 26142 Villamediana de Iregua \u2013 La Rioja<\/p>\n\n\n\n<p>correo electr\u00f3nico:&nbsp;<a href=\"mailto:info@iquantum.es\">info@iquantum.es<\/a>&nbsp;&nbsp; \u2013 Tel. 941 571453<\/p>\n\n\n\n<p>En eQuantum SML Laser, S.L., reconocemos la importancia de proteger su informaci\u00f3n personal y estamos comprometidos a tratarla con responsabilidad y de conformidad con las leyes de protecci\u00f3n de datos.<\/p>\n\n\n\n<p>La presente pol\u00edtica de privacidad pretende regular todos los aspectos relativos al tratamiento de datos de los diferentes usuarios que navegan o facilitan sus datos personales a trav\u00e9s de los diferentes formularios situados en la web.<\/p>\n\n\n\n<h4 class=\"wp-block-heading\"><strong>Datos Personales<\/strong><\/h4>\n\n\n\n<p>Un dato personal, es la informaci\u00f3n que le identifica o le hace identificable. A trav\u00e9s de la web, en las casillas establecidas al efecto recogemos los datos personales que el usuario nos comunica: Nombre, apellidos, correo electr\u00f3nico, tel\u00e9fono, direcci\u00f3n postal, poblaci\u00f3n, etc. as\u00ed\u0301 como todos aquellos datos que voluntariamente nos proporcione a trav\u00e9s de cualquier de las redes sociales de las cuales el usuario est\u00e1 registrado. En este caso, la privacidad depender\u00e1\u0301 de la propia configuraci\u00f3n establecida por el usuario as\u00ed\u0301 como de los t\u00e9rminos y condiciones de la propia red social.<\/p>\n\n\n\n<p>La visita del usuario a la web no implica que tenga que facilitar ninguna informaci\u00f3n sobre sus datos personales. No obstante, en caso de facilitarlos, los datos ser\u00e1n tratados de forma licita con sujeci\u00f3n en todo momento a los principios y derechos recogidos en el RGPD 2016\/679 de 27 de abril de 2016 y la LOPDGDD 3\/2018 del 5 de diciembre.<\/p>\n\n\n\n<p>Finalidad, duraci\u00f3n y legitimaci\u00f3n del tratamiento: Los datos que el usuario nos proporcione los trataremos con las siguientes finalidades:<\/p>\n\n\n\n<p>Atender la solicitud o petici\u00f3n realizada por el usuario a trav\u00e9s del formulario de contacto&nbsp;situado en la web. Recogemos y tratamos los datos personales del usuario para poder tramitar y gestionar su solicitud, una consulta o cualquier petici\u00f3n que realiza a trav\u00e9s de dicho formulario. Estos datos los conservaremos durante el tiempo necesario para dar cumplimiento a su petici\u00f3n y durante el tiempo establecido por la ley con una duraci\u00f3n m\u00ednima de 3 a\u00f1os.<\/p>\n\n\n\n<p>La base de legitimaci\u00f3n del tratamiento de los datos ser\u00e1\u0301 el consentimiento que otorga el usuario al seleccionar la casilla de aceptaci\u00f3n de nuestra pol\u00edtica de privacidad antes de enviar la petici\u00f3n. El usuario tiene derecho a revocar su consentimiento en cualquier momento sin que ello afecte a la licitud del tratamiento basado en el consentimiento previo a su retirada.<\/p>\n\n\n\n<p>Gestionar el alta y participaci\u00f3n del usuario en el formulario de comentarios del blog situado en la web. Dichos comentarios ser\u00e1n gestionados por la plataforma WordPress. Los datos facilitados los conservaremos mientras el usuario no solicite la baja de la suscripci\u00f3n al contenido del blog y durante el tiempo establecido por la ley con una duraci\u00f3n m\u00ednima de 3 a\u00f1os.<\/p>\n\n\n\n<p>La base de legitimaci\u00f3n del tratamiento de los datos ser\u00e1\u0301 el consentimiento que otorga el usuario al registrarse a trav\u00e9s del formulario de suscripci\u00f3n al blog y al seleccionar la casilla de aceptaci\u00f3n de nuestra pol\u00edtica de privacidad antes de enviar&nbsp;su solicitud. El usuario tiene derecho a revocar su consentimiento en cualquier momento sin que ello afecte a la licitud del tratamiento basado en el consentimiento previo a su retirada.<\/p>\n\n\n\n<p>Atender y gestionar la compra realizada por el usuario a trav\u00e9s del formulario de compra&nbsp;situado en la web. Recogemos y tratamos los datos personales del usuario para poder procesar el pedido y posterior pago de los productos y servicios que se ofrecen en la web. Estos datos los conservaremos durante el tiempo que dure la relaci\u00f3n contractual entre las partes y durante el tiempo establecido por la ley para el cumplimiento de las obligaciones fiscales.<\/p>\n\n\n\n<p>La base de legitimaci\u00f3n del tratamiento de los datos ser\u00e1\u0301 la ejecuci\u00f3n de un contrato de compraventa en el que el interesado es parte. En caso de que el usuario no facilite sus datos personales no se podr\u00e1\u0301 gestionar su compra, no pudiendo prestar el servicio solicitado.<\/p>\n\n\n\n<p>Dar de alta como \u201cusuario registrado\u201d a trav\u00e9s&nbsp;del formulario de registro&nbsp;situado en la web y que permitir\u00e1\u0301 al usuario acceder a su \u00e1rea privada de servicios e informarle de nuestras actividades, pudi\u00e9ndole remitir por cualquier medio electr\u00f3nico comunicaciones comerciales de las novedades de nuestros servicios. Estos datos los conservaremos mientras el usuario no solicite su baja del registro y durante el tiempo establecido por la ley con una duraci\u00f3n m\u00ednima de 3 a\u00f1os.<\/p>\n\n\n\n<p>La base de legitimaci\u00f3n del tratamiento de los datos ser\u00e1\u0301 el consentimiento que otorga el usuario al registrarse a trav\u00e9s del formulario de registro y seleccionar la casilla de aceptaci\u00f3n de nuestra pol\u00edtica de privacidad antes de enviar su solicitud. El usuario tiene derecho a revocar su consentimiento en cualquier momento sin que ello afecte a la licitud del tratamiento basado en el consentimiento previo a su retirada.<\/p>\n\n\n\n<p>Mejorar su experiencia al navegar por la web. Estos datos los conservaremos mientras el usuario no revoque su consentimiento al tratamiento de estos eliminando las cookies y durante el tiempo establecido por la ley con una duraci\u00f3n m\u00ednima de 3 a\u00f1os.<\/p>\n\n\n\n<p>La base de legitimaci\u00f3n para mejorar su experiencia al navegar por la web es el consentimiento que otorga el usuario al aceptar las cookies. El usuario tiene derecho a revocar su consentimiento en cualquier momento sin que ello afecte a la licitud del tratamiento basado en el consentimiento previo a su retirada.<\/p>\n\n\n\n<p>Gestionar nuestras&nbsp;redes sociales&nbsp;y enviarle informaci\u00f3n sobre nuestras actividades y productos. Estos datos los conservaremos mientras el usuario no revoque su consentimiento al tratamiento de estos y durante el tiempo establecido por la ley con una duraci\u00f3n m\u00ednima de 3 a\u00f1os.<\/p>\n\n\n\n<p>La base legitima para gestionar nuestras redes sociales y enviarle nuestras actividades y novedades, es el consentimiento que nos otorga para ello. El usuario tiene derecho a revocar su consentimiento en cualquier momento sin que ello afecte a la licitud del tratamiento basado en el consentimiento previo a su retirada.<\/p>\n\n\n\n<h4 class=\"wp-block-heading\"><strong>Cesi\u00f3n o comunicaci\u00f3n de datos personales:<\/strong><\/h4>\n\n\n\n<p>Sus datos no se comunicar\u00e1n ni ser\u00e1n cedidos a terceros salvo que exista alguna obligaci\u00f3n legal o a aquellas empresas del grupo para fines administrativos y gesti\u00f3n interna, o que act\u00faan en condici\u00f3n de corresponsables ante el tratamiento de las solicitudes de los usuarios de eQuantum SML Laser, S.L.<\/p>\n\n\n\n<p>Los destinatarios de la informaci\u00f3n ser\u00e1n aquellos prestadores de servicios vinculados al responsable que act\u00faan como encargados del tratamiento.<\/p>\n\n\n\n<h4 class=\"wp-block-heading\"><strong>Actualizaci\u00f3n de datos:<\/strong><\/h4>\n\n\n\n<p>Es importante que para que podamos mantener los datos personales actualizados, el usuario nos informe siempre que haya habido alguna modificaci\u00f3n en ellos, en caso contrario, no respondemos de la veracidad de estos.<\/p>\n\n\n\n<p>El usuario garantiza que los datos personales facilitados son veraces garantizando que toda la informaci\u00f3n facilitada corresponde con la situaci\u00f3n real, que est\u00e1 actualizada y es exacta, quedando obligado a comunicar cualquier modificaci\u00f3n.<\/p>\n\n\n\n<h4 class=\"wp-block-heading\"><strong>Datos de Terceros:<\/strong><\/h4>\n\n\n\n<p>Si el usuario facilita datos de terceras personas para cualquier finalidad a eQuantum SML Laser, S.L., garantiza que ha obtenido estos datos de forma licita, que ha informado previamente a los afectados, obteniendo su consentimiento para comunicarlos y que la informaci\u00f3n facilitada es exacta y veraz.<\/p>\n\n\n\n<h4 class=\"wp-block-heading\"><strong>Car\u00e1cter obligatorio de la informaci\u00f3n solicitada:<\/strong><\/h4>\n\n\n\n<p>Todos nuestros formularios cuentan con un asterisco (*) en los datos obligatorios. Si el usuario no facilita esos campos, o no marca la casilla de aceptaci\u00f3n de la pol\u00edtica de privacidad, no se permitir\u00e1\u0301 el env\u00edo de la informaci\u00f3n.<\/p>\n\n\n\n<h4 class=\"wp-block-heading\">Uso de las contrase\u00f1as:<\/h4>\n\n\n\n<p>Para poder acceder al Area Privada, el USUARIO deber\u00e1\u0301 \u201cIniciar Sesi\u00f3n\u201d e incluir la direcci\u00f3n del correo electr\u00f3nico y contrase\u00f1a generada en el formulario de registro de acuerdo con las reglas de complejidad que se establezcan en cada momento en la web.<\/p>\n\n\n\n<p>Los usuarios son responsables de la adecuada custodia y confidencialidad de cualesquiera de los identificadores y\/o contrase\u00f1as que hayan seleccionado en el registro, y se comprometen a no ceder su uso a terceros, ni permitir su acceso a personas ajenas.<\/p>\n\n\n\n<p>Asimismo, ser\u00e1\u0301 obligaci\u00f3n del usuario notificar de forma inmediata al responsable cualquier hecho que permita el uso indebido de los identificadores y\/o contrase\u00f1as, tales como el robo, el extrav\u00edo, o el acceso no autorizado a los mismos, con el fin de proceder a su inmediata cancelaci\u00f3n.<\/p>\n\n\n\n<h4 class=\"wp-block-heading\"><strong>Derechos de los interesados:<\/strong><\/h4>\n\n\n\n<p>Tiene derecho a acceder a sus datos y a obtener confirmaci\u00f3n sobre su tratamiento, as\u00ed\u0301 como una copia de los datos personales objeto de tratamiento. Tiene derecho a actualizarlos y solicitar la rectificaci\u00f3n de los datos que sean inexactos o solicitar la supresi\u00f3n cuando los datos no sean necesarios para los fines para los que fueron recabados. Puede solicitar la limitaci\u00f3n en el tratamiento de sus datos y oponerse al tratamiento de estos revocando su consentimiento, as\u00ed\u0301 como ejercer el derecho a la portabilidad de los datos. Del mismo modo, tiene derecho a no ser objeto de decisiones basadas \u00fanicamente en el tratamiento automatizado de sus datos personales.<\/p>\n\n\n\n<p>Puede ejercer sus derechos contactando con nosotros, Calle Anastasio Mateo, 10 local, 26142 Villamediana de Iregua \u2013 La Rioja \u2013 correo electr\u00f3nico:&nbsp;<a href=\"mailto:info@iquantum.es\">info@iquantum.es<\/a>&nbsp;\u2013&nbsp; Tel. 941 571453<\/p>\n\n\n\n<p>Si considera que sus derechos no se han atendido debidamente, tiene derecho a presentar una reclamaci\u00f3n ante la autoridad de control en www.aepd.es<\/p>\n\n\n\n<h4 class=\"wp-block-heading\"><strong>Tratamiento de datos de Menores de edad:<\/strong><\/h4>\n\n\n\n<p>Quien facilita los datos a trav\u00e9s de los formularios de esta web y acepta su tratamiento declara ser mayor de 14 a\u00f1os, quedando prohibido el acceso y uso del portal a menores de dicha edad. Si en alg\u00fan momento, el responsable detecta que un menor de 14 a\u00f1os ha proporcionado datos de car\u00e1cter personal, procederemos a la cancelaci\u00f3n de estos. Asimismo, los padres o tutores podr\u00e1n en cualquier caso dirigirse a eQuantum SML Laser, S.L., para bloquear la cuenta de acceso de los menores a su cargo que se hubieran registrado falseando su identidad.<\/p>\n\n\n\n<h4 class=\"wp-block-heading\"><strong>Tratamiento de Cookies:<\/strong><\/h4>\n\n\n\n<p>Una cookie es un peque\u00f1o archivo que se descarga y almacena en el ordenador del usuario cuando este accede a una p\u00e1gina web. Las Cookies permiten a la web, entre otras cosas, almacenar y recuperar informaci\u00f3n sobre los h\u00e1bitos de navegaci\u00f3n del usuario o de su equipo y, dependiendo de la informaci\u00f3n que contengan y de la forma en que utilice su equipo, pueden utilizarse para reconocer al usuario.<\/p>\n\n\n\n<p>El usuario tiene la opci\u00f3n de impedir la generaci\u00f3n de cookies, mediante la selecci\u00f3n de la correspondiente opci\u00f3n en su programa de navegador. Puede obtener m\u00e1s informaci\u00f3n leyendo nuestra Pol\u00edtica de Cookies.<\/p>\n\n\n\n<p>30-07-2023<\/p>\n\n\n\n<p>eQuantum SML Laser, S.L.<\/p>\n\n\n\n<p>Calle Anastasio Mateo, 10 local, 26142 Villamediana de Iregua \u2013 La Rioja<\/p>\n\n\n\n<p>correo electr\u00f3nico:&nbsp;<a href=\"mailto:info@iquantum.es\">info@iquantum.es<\/a>&nbsp; \u2013 Tel. 941 571453<\/p>\n","protected":false},"excerpt":{"rendered":"<p>Responsable del Tratamiento La empresa responsable del tratamiento de sus datos en virtud de esta Pol\u00edtica de privacidad es: eQuantum SML Laser, S.L \u2013 C.I.F.&nbsp;B98432040 Registro Mercantil de La Rioja, Tomo 803, Folio 123, Hoja LO-16816, Inscripci\u00f3n 2\u00aa Calle Anastasio Mateo, 10 local, 26142 Villamediana de Iregua \u2013 La Rioja correo electr\u00f3nico:&nbsp;info@iquantum.es&nbsp;&nbsp; \u2013 Tel. 941 [&hellip;]<\/p>\n","protected":false},"author":2,"featured_media":0,"parent":0,"menu_order":0,"comment_status":"closed","ping_status":"closed","template":"","meta":{"site-sidebar-layout":"default","site-content-layout":"","ast-site-content-layout":"","site-content-style":"default","site-sidebar-style":"default","ast-global-header-display":"","ast-banner-title-visibility":"","ast-main-header-display":"","ast-hfb-above-header-display":"","ast-hfb-below-header-display":"","ast-hfb-mobile-header-display":"","site-post-title":"","ast-breadcrumbs-content":"","ast-featured-img":"","footer-sml-layout":"","theme-transparent-header-meta":"","adv-header-id-meta":"","stick-header-meta":"","header-above-stick-meta":"","header-main-stick-meta":"","header-below-stick-meta":"","astra-migrate-meta-layouts":"default","ast-page-background-enabled":"default","ast-page-background-meta":{"desktop":{"background-color":"var(--ast-global-color-4)","background-image":"","background-repeat":"repeat","background-position":"center center","background-size":"auto","background-attachment":"scroll","background-type":"","background-media":"","overlay-type":"","overlay-color":"","overlay-opacity":"","overlay-gradient":""},"tablet":{"background-color":"","background-image":"","background-repeat":"repeat","background-position":"center center","background-size":"auto","background-attachment":"scroll","background-type":"","background-media":"","overlay-type":"","overlay-color":"","overlay-opacity":"","overlay-gradient":""},"mobile":{"background-color":"","background-image":"","background-repeat":"repeat","background-position":"center center","background-size":"auto","background-attachment":"scroll","background-type":"","background-media":"","overlay-type":"","overlay-color":"","overlay-opacity":"","overlay-gradient":""}},"ast-content-background-meta":{"desktop":{"background-color":"var(--ast-global-color-5)","background-image":"","background-repeat":"repeat","background-position":"center center","background-size":"auto","background-attachment":"scroll","background-type":"","background-media":"","overlay-type":"","overlay-color":"","overlay-opacity":"","overlay-gradient":""},"tablet":{"background-color":"var(--ast-global-color-5)","background-image":"","background-repeat":"repeat","background-position":"center center","background-size":"auto","background-attachment":"scroll","background-type":"","background-media":"","overlay-type":"","overlay-color":"","overlay-opacity":"","overlay-gradient":""},"mobile":{"background-color":"var(--ast-global-color-5)","background-image":"","background-repeat":"repeat","background-position":"center center","background-size":"auto","background-attachment":"scroll","background-type":"","background-media":"","overlay-type":"","overlay-color":"","overlay-opacity":"","overlay-gradient":""}},"footnotes":""},"class_list":["post-3","page","type-page","status-publish","hentry"],"_links":{"self":[{"href":"https:\/\/iquantumclinic.es\/ofertas\/index.php?rest_route=\/wp\/v2\/pages\/3","targetHints":{"allow":["GET"]}}],"collection":[{"href":"https:\/\/iquantumclinic.es\/ofertas\/index.php?rest_route=\/wp\/v2\/pages"}],"about":[{"href":"https:\/\/iquantumclinic.es\/ofertas\/index.php?rest_route=\/wp\/v2\/types\/page"}],"author":[{"embeddable":true,"href":"https:\/\/iquantumclinic.es\/ofertas\/index.php?rest_route=\/wp\/v2\/users\/2"}],"replies":[{"embeddable":true,"href":"https:\/\/iquantumclinic.es\/ofertas\/index.php?rest_route=%2Fwp%2Fv2%2Fcomments&post=3"}],"version-history":[{"count":2,"href":"https:\/\/iquantumclinic.es\/ofertas\/index.php?rest_route=\/wp\/v2\/pages\/3\/revisions"}],"predecessor-version":[{"id":268,"href":"https:\/\/iquantumclinic.es\/ofertas\/index.php?rest_route=\/wp\/v2\/pages\/3\/revisions\/268"}],"wp:attachment":[{"href":"https:\/\/iquantumclinic.es\/ofertas\/index.php?rest_route=%2Fwp%2Fv2%2Fmedia&parent=3"}],"curies":[{"name":"wp","href":"https:\/\/api.w.org\/{rel}","templated":true}]}}